{"id":310,"date":"2013-10-31T08:47:58","date_gmt":"2013-10-31T08:47:58","guid":{"rendered":"http:\/\/lowtone.de\/wordpress\/?page_id=310"},"modified":"2013-10-31T08:50:04","modified_gmt":"2013-10-31T08:50:04","slug":"fmc","status":"publish","type":"page","link":"http:\/\/lowtone.de\/wordpress\/?page_id=310","title":{"rendered":"MCP"},"content":{"rendered":"<p>Of course when you do have your first MCP you are very happy. But as the time goes by you find more and more things which are are not satisfying. As you can see in an older post, the MCP Ver 1 was based on a piece of MDF material for stabilization. The LEDs for the mode selection have not been placed on the push buttons but above or next to them. No FLT intv or SPD intv buttoms were available. But the thing which was most annoying was the way the cables have been organized. Totally chaotic and a lot of hot glue was applied to provide some stability for the soldering points.<\/p>\n<div id=\"attachment_120\" style=\"width: 610px\" class=\"wp-caption aligncenter\"><a href=\"http:\/\/lowtone.de\/wordpress\/wp-content\/uploads\/2012\/11\/MCPV1_Chaos.jpg\"><img loading=\"lazy\" decoding=\"async\" aria-describedby=\"caption-attachment-120\" class=\"size-full wp-image-120\" alt=\"Cable Chaos behind MCPV1\" src=\"http:\/\/lowtone.de\/wordpress\/wp-content\/uploads\/2012\/11\/MCPV1_Chaos.jpg\" width=\"600\" height=\"450\" \/><\/a><p id=\"caption-attachment-120\" class=\"wp-caption-text\">Cable Chaos behind MCPV1 &#8211; what a mess !<\/p><\/div>\n<p>So it was time to think about a new MCP. The first planning was done with Autocad Inventor. From earlier panels (COM, NAV etc.) the 7 digit Led displays, encoders and push buttons were already available in the object library. The after some days of planning the final Layout was clear.<\/p>\n<div id=\"attachment_109\" style=\"width: 610px\" class=\"wp-caption aligncenter\"><a href=\"http:\/\/lowtone.de\/wordpress\/wp-content\/uploads\/2013\/03\/MCPV2_Inventor.jpg\"><img loading=\"lazy\" decoding=\"async\" aria-describedby=\"caption-attachment-109\" class=\"size-full wp-image-109\" alt=\"Final Layout of the MCP Panel.\" src=\"http:\/\/lowtone.de\/wordpress\/wp-content\/uploads\/2013\/03\/MCPV2_Inventor.jpg\" width=\"600\" height=\"237\" \/><\/a><p id=\"caption-attachment-109\" class=\"wp-caption-text\">Final Layout of the MCP Panel.<\/p><\/div>\n<p>It was also the first time that i used 3D modelling to create parts as i needed them. In this case the holder and the Vert Speed Dial have been designed based on the surrounding parts. You can see the details below:<\/p>\n<div id=\"attachment_107\" style=\"width: 610px\" class=\"wp-caption aligncenter\"><a href=\"http:\/\/lowtone.de\/wordpress\/wp-content\/uploads\/2013\/03\/Wheel_Holder.jpg\"><img loading=\"lazy\" decoding=\"async\" aria-describedby=\"caption-attachment-107\" class=\"size-full wp-image-107\" alt=\"Detail View of the Vert Speed Dial and the Holders.\" src=\"http:\/\/lowtone.de\/wordpress\/wp-content\/uploads\/2013\/03\/Wheel_Holder.jpg\" width=\"600\" height=\"400\" \/><\/a><p id=\"caption-attachment-107\" class=\"wp-caption-text\">Detail View of the Vert Speed Dial and the Holders.<\/p><\/div>\n<p>The different parts of the inventor file have been exported to Autocad format. Audtocad was used to do the fine work on the different layers (front, aluminium back, PCB drill holes&#8230;) expecially the cutouts for the Buttons, LED Displays and so on. You can see the Autocad File below. I also made a small layout of the Pokeys card. The card is attaches to a separate holder on the back of the panel.<\/p>\n<div id=\"attachment_108\" style=\"width: 610px\" class=\"wp-caption aligncenter\"><a href=\"http:\/\/lowtone.de\/wordpress\/wp-content\/uploads\/2013\/03\/Autocad.jpg\"><img loading=\"lazy\" decoding=\"async\" aria-describedby=\"caption-attachment-108\" class=\"size-full wp-image-108\" alt=\"Autocad File with the different layers of the panel. You also can see the rought layout of the Pokeys Card. \" src=\"http:\/\/lowtone.de\/wordpress\/wp-content\/uploads\/2013\/03\/Autocad.jpg\" width=\"600\" height=\"186\" \/><\/a><p id=\"caption-attachment-108\" class=\"wp-caption-text\">Autocad File with the different layers of the panel. You also can see the rought layout of the Pokeys Card.<\/p><\/div>\n<p>Based on the Autocad Layout &#8211; i now know the position of the drilling holes for all the contact pins for the LED display, switches, buttons etc. The positions of the drilling holes is transferd into a new Sprint layout for the final PCB board. The Layout of the PCB board was done with the program &#8220;Sprint Layout&#8221; from the Abacom Company. You can see the layout of one (of the two) PCB boards used for this MCP project.<\/p>\n<div id=\"attachment_110\" style=\"width: 610px\" class=\"wp-caption aligncenter\"><a href=\"http:\/\/lowtone.de\/wordpress\/wp-content\/uploads\/2013\/03\/Sprint.jpg\"><img loading=\"lazy\" decoding=\"async\" aria-describedby=\"caption-attachment-110\" class=\"size-full wp-image-110\" alt=\"Sprint Layout for PCB (1\/2)\" src=\"http:\/\/lowtone.de\/wordpress\/wp-content\/uploads\/2013\/03\/Sprint.jpg\" width=\"600\" height=\"223\" \/><\/a><p id=\"caption-attachment-110\" class=\"wp-caption-text\">Sprint Layout for PCB (1\/2)<\/p><\/div>\n<p>Then the CNC Mill is turned on and two weeks later all parts are ready for assembly. You can see the &#8220;physical&#8221; Bill of Material placed on my kitchen table.<\/p>\n<div id=\"attachment_114\" style=\"width: 610px\" class=\"wp-caption aligncenter\"><a href=\"http:\/\/lowtone.de\/wordpress\/wp-content\/uploads\/2013\/03\/BOM.jpg\"><img loading=\"lazy\" decoding=\"async\" aria-describedby=\"caption-attachment-114\" class=\"size-full wp-image-114\" alt=\"All components needed for the new MCP have been placed on my kitches table before the assembly process\" src=\"http:\/\/lowtone.de\/wordpress\/wp-content\/uploads\/2013\/03\/BOM.jpg\" width=\"600\" height=\"450\" \/><\/a><p id=\"caption-attachment-114\" class=\"wp-caption-text\">All components needed for the new MCP have been placed on my kitchen table before the assembly process<\/p><\/div>\n<p>The MCP has been assembled and all components are connected. Basically it is a 2 layered MCP. Front Layer includes: 7 Segment LED, Encoders, Buttons, Switches. The back layer includes the PCB and the Push micro switches. If you press a button in front &#8211; the impulse is transfered to the micro switch on the PCB at the back with a wooden stick. You can see it in the picture. (CMD A\/ B on the upper right). You can see the switch in the front and the wooden stick connected to the mirco switch in the back. This solution was done by Manolo Hern\u00e1ndez-Pe\u00f1a Marcell\u00e1n and inspired me for my project.<\/p>\n<div id=\"attachment_122\" style=\"width: 610px\" class=\"wp-caption aligncenter\"><a href=\"http:\/\/lowtone.de\/wordpress\/wp-content\/uploads\/2012\/11\/Final1.jpg\"><img loading=\"lazy\" decoding=\"async\" aria-describedby=\"caption-attachment-122\" class=\"size-full wp-image-122\" alt=\"Front View of the new MCP Version2.\" src=\"http:\/\/lowtone.de\/wordpress\/wp-content\/uploads\/2012\/11\/Final1.jpg\" width=\"600\" height=\"450\" \/><\/a><p id=\"caption-attachment-122\" class=\"wp-caption-text\">Front View of the new MCP Version2.<\/p><\/div>\n<p>&nbsp;<\/p>\n<p>&nbsp;<\/p>\n","protected":false},"excerpt":{"rendered":"<p>Of course when you do have your first MCP you are very happy. But as the time goes by you find more and more things which are are not satisfying. As you can see in an older post, the MCP Ver 1 was based on a piece of MDF material for stabilization. The LEDs for [&hellip;]<\/p>\n","protected":false},"author":2,"featured_media":0,"parent":0,"menu_order":0,"comment_status":"open","ping_status":"open","template":"","meta":{"_monsterinsights_skip_tracking":false,"_monsterinsights_sitenote_active":false,"_monsterinsights_sitenote_note":"","_monsterinsights_sitenote_category":0,"footnotes":""},"class_list":["post-310","page","type-page","status-publish","hentry"],"_links":{"self":[{"href":"http:\/\/lowtone.de\/wordpress\/index.php?rest_route=\/wp\/v2\/pages\/310","targetHints":{"allow":["GET"]}}],"collection":[{"href":"http:\/\/lowtone.de\/wordpress\/index.php?rest_route=\/wp\/v2\/pages"}],"about":[{"href":"http:\/\/lowtone.de\/wordpress\/index.php?rest_route=\/wp\/v2\/types\/page"}],"author":[{"embeddable":true,"href":"http:\/\/lowtone.de\/wordpress\/index.php?rest_route=\/wp\/v2\/users\/2"}],"replies":[{"embeddable":true,"href":"http:\/\/lowtone.de\/wordpress\/index.php?rest_route=%2Fwp%2Fv2%2Fcomments&post=310"}],"version-history":[{"count":2,"href":"http:\/\/lowtone.de\/wordpress\/index.php?rest_route=\/wp\/v2\/pages\/310\/revisions"}],"predecessor-version":[{"id":314,"href":"http:\/\/lowtone.de\/wordpress\/index.php?rest_route=\/wp\/v2\/pages\/310\/revisions\/314"}],"wp:attachment":[{"href":"http:\/\/lowtone.de\/wordpress\/index.php?rest_route=%2Fwp%2Fv2%2Fmedia&parent=310"}],"curies":[{"name":"wp","href":"https:\/\/api.w.org\/{rel}","templated":true}]}}